{"id":546,"date":"2024-10-13T09:34:00","date_gmt":"2024-10-13T07:34:00","guid":{"rendered":"http:\/\/ecoutelarbre.fr\/?page_id=546"},"modified":"2024-10-19T15:55:30","modified_gmt":"2024-10-19T13:55:30","slug":"accueil-psychogenealogie-psychologie-transgenerationnel-famille-psychopraticienne","status":"publish","type":"page","link":"https:\/\/ecoutelarbre.fr\/","title":{"rendered":"Accueil"},"content":{"rendered":"\t\t<div data-elementor-type=\"wp-page\" data-elementor-id=\"546\" class=\"elementor elementor-546\">\n\t\t\t\t<div class=\"elementor-element elementor-element-12aa716 e-con-full e-flex e-con e-parent\" data-id=\"12aa716\" data-element_type=\"container\" data-settings=\"{&quot;background_background&quot;:&quot;classic&quot;}\">\n\t\t<div class=\"elementor-element elementor-element-30dfdf39 e-con-full e-flex e-con e-child\" data-id=\"30dfdf39\" data-element_type=\"container\">\n\t\t\t\t<div class=\"elementor-element elementor-element-14d965f8 elementor-widget elementor-widget-heading\" data-id=\"14d965f8\" data-element_type=\"widget\" data-widget_type=\"heading.default\">\n\t\t\t\t<div class=\"elementor-widget-container\">\n\t\t\t\t\t<h1 class=\"elementor-heading-title elementor-size-default\">Passer du destin de nos anc\u00eatres \u00e0 l\u2019individuation de notre \u00eatre<\/h1>\t\t\t\t<\/div>\n\t\t\t\t<\/div>\n\t\t\t\t<div class=\"elementor-element elementor-element-51dbdb17 elementor-widget elementor-widget-text-editor\" data-id=\"51dbdb17\" data-element_type=\"widget\" data-widget_type=\"text-editor.default\">\n\t\t\t\t<div class=\"elementor-widget-container\">\n\t\t\t\t\t\t\t\t\t<p><span id=\"J5OtxepOcRC7bsmC\">Soazic Lefrant psychopraticienne \u00a0certifi\u00e9e, \u00a0en psychog\u00e9nalogie \u00e9volutive, vous accompagne dans la rencontre avec votre histoire<\/span><\/p>\t\t\t\t\t\t\t\t<\/div>\n\t\t\t\t<\/div>\n\t\t\t\t<\/div>\n\t\t<div class=\"elementor-element elementor-element-f702e47 e-con-full e-flex e-con e-child\" data-id=\"f702e47\" data-element_type=\"container\">\n\t\t\t\t<div class=\"elementor-element elementor-element-a871133 elementor-widget elementor-widget-image\" data-id=\"a871133\" data-element_type=\"widget\" data-widget_type=\"image.default\">\n\t\t\t\t<div class=\"elementor-widget-container\">\n\t\t\t\t\t\t\t\t\t\t\t\t<figure class=\"wp-caption\">\n\t\t\t\t\t\t\t\t\t\t<img fetchpriority=\"high\" decoding=\"async\" width=\"316\" height=\"287\" src=\"https:\/\/ecoutelarbre.fr\/wp-content\/uploads\/2024\/10\/logo-1-e1728483699518.png\" class=\"attachment-large size-large wp-image-9\" alt=\"\" srcset=\"https:\/\/ecoutelarbre.fr\/wp-content\/uploads\/2024\/10\/logo-1-e1728483699518.png 316w, https:\/\/ecoutelarbre.fr\/wp-content\/uploads\/2024\/10\/logo-1-e1728483699518-300x272.png 300w\" sizes=\"(max-width: 316px) 100vw, 316px\" \/>\t\t\t\t\t\t\t\t\t\t\t<figcaption class=\"widget-image-caption wp-caption-text\"><\/figcaption>\n\t\t\t\t\t\t\t\t\t\t<\/figure>\n\t\t\t\t\t\t\t\t\t<\/div>\n\t\t\t\t<\/div>\n\t\t\t\t<\/div>\n\t\t\t\t<\/div>\n\t\t<div class=\"elementor-element elementor-element-7a93f8b e-con-full e-flex e-con e-parent\" data-id=\"7a93f8b\" data-element_type=\"container\" data-settings=\"{&quot;background_background&quot;:&quot;classic&quot;}\">\n\t\t<div class=\"elementor-element elementor-element-5948312 e-con-full e-flex e-con e-child\" data-id=\"5948312\" data-element_type=\"container\">\n\t\t\t\t<div class=\"elementor-element elementor-element-cedeb42 elementor-widget elementor-widget-image\" data-id=\"cedeb42\" data-element_type=\"widget\" data-widget_type=\"image.default\">\n\t\t\t\t<div class=\"elementor-widget-container\">\n\t\t\t\t\t\t\t\t\t\t\t\t<figure class=\"wp-caption\">\n\t\t\t\t\t\t\t\t\t\t<img decoding=\"async\" width=\"826\" height=\"992\" src=\"https:\/\/ecoutelarbre.fr\/wp-content\/uploads\/2024\/10\/arbre-1.png\" class=\"attachment-large size-large wp-image-161\" alt=\"psychog\u00e9n\u00e9alogie transg\u00e9n\u00e9rationnel psychopraticienne psychologie famille\" srcset=\"https:\/\/ecoutelarbre.fr\/wp-content\/uploads\/2024\/10\/arbre-1.png 826w, https:\/\/ecoutelarbre.fr\/wp-content\/uploads\/2024\/10\/arbre-1-250x300.png 250w, https:\/\/ecoutelarbre.fr\/wp-content\/uploads\/2024\/10\/arbre-1-768x922.png 768w\" sizes=\"(max-width: 826px) 100vw, 826px\" \/>\t\t\t\t\t\t\t\t\t\t\t<figcaption class=\"widget-image-caption wp-caption-text\"><\/figcaption>\n\t\t\t\t\t\t\t\t\t\t<\/figure>\n\t\t\t\t\t\t\t\t\t<\/div>\n\t\t\t\t<\/div>\n\t\t\t\t<\/div>\n\t\t<div class=\"elementor-element elementor-element-9ce16f0 e-con-full e-flex e-con e-child\" data-id=\"9ce16f0\" data-element_type=\"container\">\n\t\t\t\t<div class=\"elementor-element elementor-element-2540348 elementor-widget elementor-widget-heading\" data-id=\"2540348\" data-element_type=\"widget\" data-widget_type=\"heading.default\">\n\t\t\t\t<div class=\"elementor-widget-container\">\n\t\t\t\t\t<h1 class=\"elementor-heading-title elementor-size-default\">Un pont entre g\u00e9n\u00e9alogie et psychologie<\/h1>\t\t\t\t<\/div>\n\t\t\t\t<\/div>\n\t\t\t\t<div class=\"elementor-element elementor-element-f33572e elementor-widget elementor-widget-text-editor\" data-id=\"f33572e\" data-element_type=\"widget\" data-widget_type=\"text-editor.default\">\n\t\t\t\t<div class=\"elementor-widget-container\">\n\t\t\t\t\t\t\t\t\t<p>La psychog\u00e9n\u00e9alogie permet d&rsquo;int\u00e9grer l&rsquo;histoire de vos anc\u00eatres dans votre propre r\u00e9cit, en vous aidant \u00e0 comprendre votre r\u00f4le familial. Elle explore les h\u00e9ritages transg\u00e9n\u00e9rationnels et leur impact sur votre vie, tout en r\u00e9v\u00e9lant vos talents et ressources, conscientes ou inconscientes.<\/p>\t\t\t\t\t\t\t\t<\/div>\n\t\t\t\t<\/div>\n\t\t\t\t<\/div>\n\t\t\t\t<\/div>\n\t\t<div class=\"elementor-element elementor-element-da7c409 e-con-full e-flex e-con e-parent\" data-id=\"da7c409\" data-element_type=\"container\" data-settings=\"{&quot;background_background&quot;:&quot;classic&quot;}\">\n\t\t<div class=\"elementor-element elementor-element-ccaa1ba e-con-full e-flex e-con e-child\" data-id=\"ccaa1ba\" data-element_type=\"container\">\n\t\t\t\t<div class=\"elementor-element elementor-element-76da796 elementor-widget elementor-widget-text-editor\" data-id=\"76da796\" data-element_type=\"widget\" data-widget_type=\"text-editor.default\">\n\t\t\t\t<div class=\"elementor-widget-container\">\n\t\t\t\t\t\t\t\t\t<p style=\"text-align: left;\">Cette approche psychologique permet de d\u00e9nouer les intrications, les liens toxiques et d\u2019insuffler sur sa lign\u00e9e un nouveau regard rempli d\u2019amour et de bienveillance.<\/p><ul><li style=\"text-align: left;\">sentiment de ne pas \u00eatre \u00e0 sa place<\/li><li style=\"text-align: left;\">l\u2019impression d\u2019\u00eatre bloqu\u00e9(e) dans une situation<\/li><li style=\"text-align: left;\">l\u2019impression de vivre des sch\u00e9mas r\u00e9p\u00e9titifs<\/li><li style=\"text-align: left;\">besoin d\u2019\u00e9clairer sa situation actuelle<\/li><\/ul>\t\t\t\t\t\t\t\t<\/div>\n\t\t\t\t<\/div>\n\t\t\t\t<\/div>\n\t\t\t\t<\/div>\n\t\t\t\t<\/div>\n\t\t","protected":false},"excerpt":{"rendered":"<p>Passer du destin de nos anc\u00eatres \u00e0 l\u2019individuation de notre \u00eatre Soazic Lefrant psychopraticienne \u00a0certifi\u00e9e, \u00a0en psychog\u00e9nalogie \u00e9volutive, vous accompagne dans la rencontre avec votre histoire Un pont entre g\u00e9n\u00e9alogie et psychologie La psychog\u00e9n\u00e9alogie permet d&rsquo;int\u00e9grer l&rsquo;histoire de vos anc\u00eatres dans votre propre r\u00e9cit, en vous aidant \u00e0 comprendre votre r\u00f4le familial. Elle explore les [&hellip;]<\/p>\n","protected":false},"author":1,"featured_media":0,"parent":0,"menu_order":0,"comment_status":"closed","ping_status":"closed","template":"","meta":{"_monsterinsights_skip_tracking":false,"_monsterinsights_sitenote_active":false,"_monsterinsights_sitenote_note":"","_monsterinsights_sitenote_category":0,"_uf_show_specific_survey":0,"_uf_disable_surveys":false,"ocean_post_layout":"","ocean_both_sidebars_style":"","ocean_both_sidebars_content_width":0,"ocean_both_sidebars_sidebars_width":0,"ocean_sidebar":"","ocean_second_sidebar":"","ocean_disable_margins":"enable","ocean_add_body_class":"","ocean_shortcode_before_top_bar":"","ocean_shortcode_after_top_bar":"","ocean_shortcode_before_header":"","ocean_shortcode_after_header":"","ocean_has_shortcode":"","ocean_shortcode_after_title":"","ocean_shortcode_before_footer_widgets":"","ocean_shortcode_after_footer_widgets":"","ocean_shortcode_before_footer_bottom":"","ocean_shortcode_after_footer_bottom":"","ocean_display_top_bar":"default","ocean_display_header":"default","ocean_header_style":"","ocean_center_header_left_menu":"","ocean_custom_header_template":"","ocean_custom_logo":0,"ocean_custom_retina_logo":0,"ocean_custom_logo_max_width":0,"ocean_custom_logo_tablet_max_width":0,"ocean_custom_logo_mobile_max_width":0,"ocean_custom_logo_max_height":0,"ocean_custom_logo_tablet_max_height":0,"ocean_custom_logo_mobile_max_height":0,"ocean_header_custom_menu":"","ocean_menu_typo_font_family":"","ocean_menu_typo_font_subset":"","ocean_menu_typo_font_size":0,"ocean_menu_typo_font_size_tablet":0,"ocean_menu_typo_font_size_mobile":0,"ocean_menu_typo_font_size_unit":"px","ocean_menu_typo_font_weight":"","ocean_menu_typo_font_weight_tablet":"","ocean_menu_typo_font_weight_mobile":"","ocean_menu_typo_transform":"","ocean_menu_typo_transform_tablet":"","ocean_menu_typo_transform_mobile":"","ocean_menu_typo_line_height":0,"ocean_menu_typo_line_height_tablet":0,"ocean_menu_typo_line_height_mobile":0,"ocean_menu_typo_line_height_unit":"","ocean_menu_typo_spacing":0,"ocean_menu_typo_spacing_tablet":0,"ocean_menu_typo_spacing_mobile":0,"ocean_menu_typo_spacing_unit":"","ocean_menu_link_color":"","ocean_menu_link_color_hover":"","ocean_menu_link_color_active":"","ocean_menu_link_background":"","ocean_menu_link_hover_background":"","ocean_menu_link_active_background":"","ocean_menu_social_links_bg":"","ocean_menu_social_hover_links_bg":"","ocean_menu_social_links_color":"","ocean_menu_social_hover_links_color":"","ocean_disable_title":"default","ocean_disable_heading":"default","ocean_post_title":"","ocean_post_subheading":"","ocean_post_title_style":"default","ocean_post_title_background_color":"","ocean_post_title_background":0,"ocean_post_title_bg_image_position":"","ocean_post_title_bg_image_attachment":"","ocean_post_title_bg_image_repeat":"","ocean_post_title_bg_image_size":"","ocean_post_title_height":0,"ocean_post_title_bg_overlay":0.5,"ocean_post_title_bg_overlay_color":"","ocean_disable_breadcrumbs":"off","ocean_breadcrumbs_color":"","ocean_breadcrumbs_separator_color":"","ocean_breadcrumbs_links_color":"","ocean_breadcrumbs_links_hover_color":"","ocean_display_footer_widgets":"default","ocean_display_footer_bottom":"default","ocean_custom_footer_template":"","footnotes":""},"class_list":["post-546","page","type-page","status-publish","hentry","entry"],"aioseo_notices":[],"yoast_head":"<!-- This site is optimized with the Yoast SEO plugin v26.8 - https:\/\/yoast.com\/product\/yoast-seo-wordpress\/ -->\n<title>- Ecoute l&#039;arbre<\/title>\n<meta name=\"description\" content=\"Soazic Lefrant psychopraticienne certifi\u00e9e en psychog\u00e9n\u00e9alogie vous accompagne dans une prise en charge psychologique autour de la famille\" \/>\n<meta name=\"robots\" content=\"index, follow, max-snippet:-1, max-image-preview:large, max-video-preview:-1\" \/>\n<link rel=\"canonical\" href=\"https:\/\/ecoutelarbre.fr\/\" \/>\n<meta property=\"og:locale\" content=\"fr_FR\" \/>\n<meta property=\"og:type\" content=\"article\" \/>\n<meta property=\"og:title\" content=\"- Ecoute l&#039;arbre\" \/>\n<meta property=\"og:description\" content=\"Soazic Lefrant psychopraticienne certifi\u00e9e en psychog\u00e9n\u00e9alogie vous accompagne dans une prise en charge psychologique autour de la famille\" \/>\n<meta property=\"og:url\" content=\"https:\/\/ecoutelarbre.fr\/\" \/>\n<meta property=\"og:site_name\" content=\"Ecoute l&#039;arbre\" \/>\n<meta property=\"article:publisher\" content=\"https:\/\/www.facebook.com\/ecoutelarbre\" \/>\n<meta property=\"article:modified_time\" content=\"2024-10-19T13:55:30+00:00\" \/>\n<meta property=\"og:image\" content=\"https:\/\/ecoutelarbre.fr\/wp-content\/uploads\/2024\/10\/logo-1-e1728483699518.png\" \/>\n<meta name=\"twitter:card\" content=\"summary_large_image\" \/>\n<meta name=\"twitter:label1\" content=\"Dur\u00e9e de lecture estim\u00e9e\" \/>\n\t<meta name=\"twitter:data1\" content=\"2 minutes\" \/>\n<script type=\"application\/ld+json\" class=\"yoast-schema-graph\">{\"@context\":\"https:\/\/schema.org\",\"@graph\":[{\"@type\":\"WebPage\",\"@id\":\"https:\/\/ecoutelarbre.fr\/\",\"url\":\"https:\/\/ecoutelarbre.fr\/\",\"name\":\"- Ecoute l&#039;arbre\",\"isPartOf\":{\"@id\":\"https:\/\/ecoutelarbre.fr\/#website\"},\"primaryImageOfPage\":{\"@id\":\"https:\/\/ecoutelarbre.fr\/#primaryimage\"},\"image\":{\"@id\":\"https:\/\/ecoutelarbre.fr\/#primaryimage\"},\"thumbnailUrl\":\"https:\/\/ecoutelarbre.fr\/wp-content\/uploads\/2024\/10\/logo-1-e1728483699518.png\",\"datePublished\":\"2024-10-13T07:34:00+00:00\",\"dateModified\":\"2024-10-19T13:55:30+00:00\",\"description\":\"Soazic Lefrant psychopraticienne certifi\u00e9e en psychog\u00e9n\u00e9alogie vous accompagne dans une prise en charge psychologique autour de la famille\",\"breadcrumb\":{\"@id\":\"https:\/\/ecoutelarbre.fr\/#breadcrumb\"},\"inLanguage\":\"fr-FR\",\"potentialAction\":[{\"@type\":\"ReadAction\",\"target\":[\"https:\/\/ecoutelarbre.fr\/\"]}]},{\"@type\":\"ImageObject\",\"inLanguage\":\"fr-FR\",\"@id\":\"https:\/\/ecoutelarbre.fr\/#primaryimage\",\"url\":\"https:\/\/ecoutelarbre.fr\/wp-content\/uploads\/2024\/10\/logo-1-e1728483699518.png\",\"contentUrl\":\"https:\/\/ecoutelarbre.fr\/wp-content\/uploads\/2024\/10\/logo-1-e1728483699518.png\",\"width\":316,\"height\":287},{\"@type\":\"BreadcrumbList\",\"@id\":\"https:\/\/ecoutelarbre.fr\/#breadcrumb\",\"itemListElement\":[{\"@type\":\"ListItem\",\"position\":1,\"name\":\"Accueil\",\"item\":\"https:\/\/ecoutelarbre.fr\/\"},{\"@type\":\"ListItem\",\"position\":2,\"name\":\"Accueil\"}]},{\"@type\":\"WebSite\",\"@id\":\"https:\/\/ecoutelarbre.fr\/#website\",\"url\":\"https:\/\/ecoutelarbre.fr\/\",\"name\":\"Ecoute l'arbre\",\"description\":\"SOAZIC LEFRANT psychopraticienne certifi\u00e9e en psychog\u00e9n\u00e9alogie \u00e9volutive, analyse transg\u00e9n\u00e9raationnelle\",\"publisher\":{\"@id\":\"https:\/\/ecoutelarbre.fr\/#\/schema\/person\/3c85fa1b8fe8acb57060d1ed466a3f8b\"},\"alternateName\":\"Soazic Lefrant psychopraticienne en psychog\u00e9n\u00e9alogie\",\"potentialAction\":[{\"@type\":\"SearchAction\",\"target\":{\"@type\":\"EntryPoint\",\"urlTemplate\":\"https:\/\/ecoutelarbre.fr\/?s={search_term_string}\"},\"query-input\":{\"@type\":\"PropertyValueSpecification\",\"valueRequired\":true,\"valueName\":\"search_term_string\"}}],\"inLanguage\":\"fr-FR\"},{\"@type\":[\"Person\",\"Organization\"],\"@id\":\"https:\/\/ecoutelarbre.fr\/#\/schema\/person\/3c85fa1b8fe8acb57060d1ed466a3f8b\",\"name\":\"Soazic Lefrant\",\"image\":{\"@type\":\"ImageObject\",\"inLanguage\":\"fr-FR\",\"@id\":\"https:\/\/ecoutelarbre.fr\/#\/schema\/person\/image\/\",\"url\":\"https:\/\/ecoutelarbre.fr\/wp-content\/uploads\/2024\/10\/cropped-cropped-cropped-logo-1-e1728483564409-1.png\",\"contentUrl\":\"https:\/\/ecoutelarbre.fr\/wp-content\/uploads\/2024\/10\/cropped-cropped-cropped-logo-1-e1728483564409-1.png\",\"width\":268,\"height\":236,\"caption\":\"Soazic Lefrant\"},\"logo\":{\"@id\":\"https:\/\/ecoutelarbre.fr\/#\/schema\/person\/image\/\"},\"sameAs\":[\"http:\/\/ecoutelarbre.fr\",\"https:\/\/www.facebook.com\/ecoutelarbre\"]}]}<\/script>\n<!-- \/ Yoast SEO plugin. -->","yoast_head_json":{"title":"- Ecoute l&#039;arbre","description":"Soazic Lefrant psychopraticienne certifi\u00e9e en psychog\u00e9n\u00e9alogie vous accompagne dans une prise en charge psychologique autour de la famille","robots":{"index":"index","follow":"follow","max-snippet":"max-snippet:-1","max-image-preview":"max-image-preview:large","max-video-preview":"max-video-preview:-1"},"canonical":"https:\/\/ecoutelarbre.fr\/","og_locale":"fr_FR","og_type":"article","og_title":"- Ecoute l&#039;arbre","og_description":"Soazic Lefrant psychopraticienne certifi\u00e9e en psychog\u00e9n\u00e9alogie vous accompagne dans une prise en charge psychologique autour de la famille","og_url":"https:\/\/ecoutelarbre.fr\/","og_site_name":"Ecoute l&#039;arbre","article_publisher":"https:\/\/www.facebook.com\/ecoutelarbre","article_modified_time":"2024-10-19T13:55:30+00:00","og_image":[{"url":"https:\/\/ecoutelarbre.fr\/wp-content\/uploads\/2024\/10\/logo-1-e1728483699518.png","type":"","width":"","height":""}],"twitter_card":"summary_large_image","twitter_misc":{"Dur\u00e9e de lecture estim\u00e9e":"2 minutes"},"schema":{"@context":"https:\/\/schema.org","@graph":[{"@type":"WebPage","@id":"https:\/\/ecoutelarbre.fr\/","url":"https:\/\/ecoutelarbre.fr\/","name":"- Ecoute l&#039;arbre","isPartOf":{"@id":"https:\/\/ecoutelarbre.fr\/#website"},"primaryImageOfPage":{"@id":"https:\/\/ecoutelarbre.fr\/#primaryimage"},"image":{"@id":"https:\/\/ecoutelarbre.fr\/#primaryimage"},"thumbnailUrl":"https:\/\/ecoutelarbre.fr\/wp-content\/uploads\/2024\/10\/logo-1-e1728483699518.png","datePublished":"2024-10-13T07:34:00+00:00","dateModified":"2024-10-19T13:55:30+00:00","description":"Soazic Lefrant psychopraticienne certifi\u00e9e en psychog\u00e9n\u00e9alogie vous accompagne dans une prise en charge psychologique autour de la famille","breadcrumb":{"@id":"https:\/\/ecoutelarbre.fr\/#breadcrumb"},"inLanguage":"fr-FR","potentialAction":[{"@type":"ReadAction","target":["https:\/\/ecoutelarbre.fr\/"]}]},{"@type":"ImageObject","inLanguage":"fr-FR","@id":"https:\/\/ecoutelarbre.fr\/#primaryimage","url":"https:\/\/ecoutelarbre.fr\/wp-content\/uploads\/2024\/10\/logo-1-e1728483699518.png","contentUrl":"https:\/\/ecoutelarbre.fr\/wp-content\/uploads\/2024\/10\/logo-1-e1728483699518.png","width":316,"height":287},{"@type":"BreadcrumbList","@id":"https:\/\/ecoutelarbre.fr\/#breadcrumb","itemListElement":[{"@type":"ListItem","position":1,"name":"Accueil","item":"https:\/\/ecoutelarbre.fr\/"},{"@type":"ListItem","position":2,"name":"Accueil"}]},{"@type":"WebSite","@id":"https:\/\/ecoutelarbre.fr\/#website","url":"https:\/\/ecoutelarbre.fr\/","name":"Ecoute l'arbre","description":"SOAZIC LEFRANT psychopraticienne certifi\u00e9e en psychog\u00e9n\u00e9alogie \u00e9volutive, analyse transg\u00e9n\u00e9raationnelle","publisher":{"@id":"https:\/\/ecoutelarbre.fr\/#\/schema\/person\/3c85fa1b8fe8acb57060d1ed466a3f8b"},"alternateName":"Soazic Lefrant psychopraticienne en psychog\u00e9n\u00e9alogie","potentialAction":[{"@type":"SearchAction","target":{"@type":"EntryPoint","urlTemplate":"https:\/\/ecoutelarbre.fr\/?s={search_term_string}"},"query-input":{"@type":"PropertyValueSpecification","valueRequired":true,"valueName":"search_term_string"}}],"inLanguage":"fr-FR"},{"@type":["Person","Organization"],"@id":"https:\/\/ecoutelarbre.fr\/#\/schema\/person\/3c85fa1b8fe8acb57060d1ed466a3f8b","name":"Soazic Lefrant","image":{"@type":"ImageObject","inLanguage":"fr-FR","@id":"https:\/\/ecoutelarbre.fr\/#\/schema\/person\/image\/","url":"https:\/\/ecoutelarbre.fr\/wp-content\/uploads\/2024\/10\/cropped-cropped-cropped-logo-1-e1728483564409-1.png","contentUrl":"https:\/\/ecoutelarbre.fr\/wp-content\/uploads\/2024\/10\/cropped-cropped-cropped-logo-1-e1728483564409-1.png","width":268,"height":236,"caption":"Soazic Lefrant"},"logo":{"@id":"https:\/\/ecoutelarbre.fr\/#\/schema\/person\/image\/"},"sameAs":["http:\/\/ecoutelarbre.fr","https:\/\/www.facebook.com\/ecoutelarbre"]}]}},"_links":{"self":[{"href":"https:\/\/ecoutelarbre.fr\/index.php\/wp-json\/wp\/v2\/pages\/546","targetHints":{"allow":["GET"]}}],"collection":[{"href":"https:\/\/ecoutelarbre.fr\/index.php\/wp-json\/wp\/v2\/pages"}],"about":[{"href":"https:\/\/ecoutelarbre.fr\/index.php\/wp-json\/wp\/v2\/types\/page"}],"author":[{"embeddable":true,"href":"https:\/\/ecoutelarbre.fr\/index.php\/wp-json\/wp\/v2\/users\/1"}],"replies":[{"embeddable":true,"href":"https:\/\/ecoutelarbre.fr\/index.php\/wp-json\/wp\/v2\/comments?post=546"}],"version-history":[{"count":0,"href":"https:\/\/ecoutelarbre.fr\/index.php\/wp-json\/wp\/v2\/pages\/546\/revisions"}],"wp:attachment":[{"href":"https:\/\/ecoutelarbre.fr\/index.php\/wp-json\/wp\/v2\/media?parent=546"}],"curies":[{"name":"wp","href":"https:\/\/api.w.org\/{rel}","templated":true}]}}