{"id":377,"date":"2024-10-10T11:55:42","date_gmt":"2024-10-10T09:55:42","guid":{"rendered":"http:\/\/ecoutelarbre.fr\/?page_id=377"},"modified":"2025-11-04T07:51:54","modified_gmt":"2025-11-04T06:51:54","slug":"elementor-page-377","status":"publish","type":"page","link":"https:\/\/ecoutelarbre.fr\/index.php\/elementor-page-377\/","title":{"rendered":"Contact"},"content":{"rendered":"\t\t<div data-elementor-type=\"wp-page\" data-elementor-id=\"377\" class=\"elementor elementor-377\">\n\t\t\t\t<header class=\"elementor-element elementor-element-67105bb1 e-con-full e-flex e-con e-parent\" data-id=\"67105bb1\" data-element_type=\"container\">\n\t\t<div class=\"elementor-element elementor-element-558ebae9 e-con-full e-flex e-con e-child\" data-id=\"558ebae9\" data-element_type=\"container\">\n\t\t\t\t<div class=\"elementor-element elementor-element-3a7a7e06 e-transform e-transform elementor-widget elementor-widget-image\" data-id=\"3a7a7e06\" data-element_type=\"widget\" data-settings=\"{&quot;_transform_translateX_effect&quot;:{&quot;unit&quot;:&quot;px&quot;,&quot;size&quot;:62,&quot;sizes&quot;:[]},&quot;_transform_translateY_effect&quot;:{&quot;unit&quot;:&quot;px&quot;,&quot;size&quot;:10,&quot;sizes&quot;:[]},&quot;_transform_scale_effect&quot;:{&quot;unit&quot;:&quot;px&quot;,&quot;size&quot;:1.4,&quot;sizes&quot;:[]},&quot;_transform_translateX_effect_mobile&quot;:{&quot;unit&quot;:&quot;px&quot;,&quot;size&quot;:0,&quot;sizes&quot;:[]},&quot;_transform_translateY_effect_mobile&quot;:{&quot;unit&quot;:&quot;px&quot;,&quot;size&quot;:0,&quot;sizes&quot;:[]},&quot;_transform_translateX_effect_tablet&quot;:{&quot;unit&quot;:&quot;px&quot;,&quot;size&quot;:&quot;&quot;,&quot;sizes&quot;:[]},&quot;_transform_translateY_effect_tablet&quot;:{&quot;unit&quot;:&quot;px&quot;,&quot;size&quot;:&quot;&quot;,&quot;sizes&quot;:[]},&quot;_transform_scale_effect_tablet&quot;:{&quot;unit&quot;:&quot;px&quot;,&quot;size&quot;:&quot;&quot;,&quot;sizes&quot;:[]},&quot;_transform_scale_effect_mobile&quot;:{&quot;unit&quot;:&quot;px&quot;,&quot;size&quot;:&quot;&quot;,&quot;sizes&quot;:[]}}\" data-widget_type=\"image.default\">\n\t\t\t\t<div class=\"elementor-widget-container\">\n\t\t\t\t\t\t\t\t\t\t\t\t\t\t\t<img fetchpriority=\"high\" decoding=\"async\" width=\"640\" height=\"480\" src=\"https:\/\/ecoutelarbre.fr\/wp-content\/uploads\/2024\/10\/visage-2.png\" class=\"attachment-full size-full wp-image-381\" alt=\"\" srcset=\"https:\/\/ecoutelarbre.fr\/wp-content\/uploads\/2024\/10\/visage-2.png 640w, https:\/\/ecoutelarbre.fr\/wp-content\/uploads\/2024\/10\/visage-2-300x225.png 300w\" sizes=\"(max-width: 640px) 100vw, 640px\" \/>\t\t\t\t\t\t\t\t\t\t\t\t\t\t\t<\/div>\n\t\t\t\t<\/div>\n\t\t\t\t<\/div>\n\t\t<div class=\"elementor-element elementor-element-6aebc533 e-con-full e-flex e-con e-child\" data-id=\"6aebc533\" data-element_type=\"container\">\n\t\t\t\t<div class=\"elementor-element elementor-element-15824ef elementor-widget elementor-widget-text-editor\" data-id=\"15824ef\" data-element_type=\"widget\" data-widget_type=\"text-editor.default\">\n\t\t\t\t<div class=\"elementor-widget-container\">\n\t\t\t\t\t\t\t\t\t<p id=\"RFEsCgp9dr8ovYBS\"><span id=\"YYS15tYcaDS9mpWs\">J&rsquo;ai entam\u00e9 ma carri\u00e8re en tant qu&rsquo;historienne, immerg\u00e9e dans l&rsquo;univers des tr\u00e9sors du pass\u00e9. Par la suite, j&rsquo;ai op\u00e9r\u00e9 un changement audacieux en entrant dans le secteur m\u00e9dico-social comme cheffe de projet fonctionnelle, o\u00f9 j&rsquo;ai jou\u00e9 le r\u00f4le d&rsquo;architecte du changement pour les professionnels. La psychologie s\u2019est r\u00e9v\u00e9l\u00e9e \u00eatre un atout pr\u00e9cieux dans cette qu\u00eate ! Pour peaufiner mes comp\u00e9tences et naviguer \u00e0 travers les d\u00e9fis des environnements en constante \u00e9volution, j&rsquo;ai d\u00e9cid\u00e9 d&rsquo;explorer le captivant domaine de la psychologie cognitive.<\/span><\/p><p id=\"g8RJnMAcmt4BIAAp\"><span id=\"ZjxrKP18G9GEGMyN\">Apr\u00e8s quelques ann\u00e9es \u00e0 g\u00e9rer la qualit\u00e9, j&rsquo;ai compris que pr\u00eater attention aux pr\u00e9occupations des professionnels dans un cadre trop rigide \u00e9tait un v\u00e9ritable d\u00e9fi. J&rsquo;ai donc r\u00e9orient\u00e9 ma carri\u00e8re vers une approche plus humaine et chaleureuse.<\/span><\/p><p id=\"JzLJiEvggord7Prm\"><span id=\"cgRaIGGOBkZSIhEp\">Retournant \u00e0 mes premi\u00e8res passions, j&rsquo;ai suivi une formation<\/span><span id=\"izuDLuo5SfmT4J7m\"> <\/span><span id=\"gqLdUEQ5iqeeo1D2\">en psychog\u00e9n\u00e9alogie \u00e9volutive \u00e0 l&rsquo;Ifpia. Cela m&rsquo;a permis d&rsquo;incorporer une touche de m\u00e9moire, qui m&rsquo;est tr\u00e8s pr\u00e9cieuse, dans ma pratique, tout en continuant \u00e0 nourrir la relation d&rsquo;aide, cette \u00e9toile qui \u00e9claire toutes mes exp\u00e9riences professionnelles pass\u00e9es.<\/span><\/p>\t\t\t\t\t\t\t\t<\/div>\n\t\t\t\t<\/div>\n\t\t\t\t<\/div>\n\t\t\t\t<\/header>\n\t\t<div class=\"elementor-element elementor-element-ab3a1d2 e-flex e-con-boxed e-con e-parent\" data-id=\"ab3a1d2\" data-element_type=\"container\">\n\t\t\t\t\t<div class=\"e-con-inner\">\n\t\t\t\t<div class=\"elementor-element elementor-element-9293e63 elementor-align-justify elementor-widget elementor-widget-button\" data-id=\"9293e63\" data-element_type=\"widget\" data-widget_type=\"button.default\">\n\t\t\t\t<div class=\"elementor-widget-container\">\n\t\t\t\t\t\t\t\t\t<div class=\"elementor-button-wrapper\">\n\t\t\t\t\t<a class=\"elementor-button elementor-button-link elementor-size-sm\" href=\"mailto:ecoutelarbre@gmail.com\" target=\"_blank\">\n\t\t\t\t\t\t<span class=\"elementor-button-content-wrapper\">\n\t\t\t\t\t\t<span class=\"elementor-button-icon\">\n\t\t\t\t<svg aria-hidden=\"true\" class=\"e-font-icon-svg e-fas-envelope\" viewBox=\"0 0 512 512\" xmlns=\"http:\/\/www.w3.org\/2000\/svg\"><path d=\"M502.3 190.8c3.9-3.1 9.7-.2 9.7 4.7V400c0 26.5-21.5 48-48 48H48c-26.5 0-48-21.5-48-48V195.6c0-5 5.7-7.8 9.7-4.7 22.4 17.4 52.1 39.5 154.1 113.6 21.1 15.4 56.7 47.8 92.2 47.6 35.7.3 72-32.8 92.3-47.6 102-74.1 131.6-96.3 154-113.7zM256 320c23.2.4 56.6-29.2 73.4-41.4 132.7-96.3 142.8-104.7 173.4-128.7 5.8-4.5 9.2-11.5 9.2-18.9v-19c0-26.5-21.5-48-48-48H48C21.5 64 0 85.5 0 112v19c0 7.4 3.4 14.3 9.2 18.9 30.6 23.9 40.7 32.4 173.4 128.7 16.8 12.2 50.2 41.8 73.4 41.4z\"><\/path><\/svg>\t\t\t<\/span>\n\t\t\t\t\t\t\t\t\t<span class=\"elementor-button-text\">Me contacter<\/span>\n\t\t\t\t\t<\/span>\n\t\t\t\t\t<\/a>\n\t\t\t\t<\/div>\n\t\t\t\t\t\t\t\t<\/div>\n\t\t\t\t<\/div>\n\t\t\t\t\t<\/div>\n\t\t\t\t<\/div>\n\t\t<div class=\"elementor-element elementor-element-72d5feb7 e-con-full e-flex e-con e-parent\" data-id=\"72d5feb7\" data-element_type=\"container\">\n\t\t<div class=\"elementor-element elementor-element-127547b4 e-con-full e-flex e-con e-child\" data-id=\"127547b4\" data-element_type=\"container\" data-settings=\"{&quot;background_background&quot;:&quot;classic&quot;}\">\n\t\t\t\t<div class=\"elementor-element elementor-element-69fa3fad elementor-widget elementor-widget-google_maps\" data-id=\"69fa3fad\" data-element_type=\"widget\" data-widget_type=\"google_maps.default\">\n\t\t\t\t<div class=\"elementor-widget-container\">\n\t\t\t\t\t\t\t<div class=\"elementor-custom-embed\">\n\t\t\t<iframe loading=\"lazy\"\n\t\t\t\t\tsrc=\"https:\/\/maps.google.com\/maps?q=1%20rue%20Duquesne%2022190%20PLERIN&#038;t=m&#038;z=12&#038;output=embed&#038;iwloc=near\"\n\t\t\t\t\ttitle=\"1 rue Duquesne 22190 PLERIN\"\n\t\t\t\t\taria-label=\"1 rue Duquesne 22190 PLERIN\"\n\t\t\t><\/iframe>\n\t\t<\/div>\n\t\t\t\t\t\t<\/div>\n\t\t\t\t<\/div>\n\t\t\t\t<\/div>\n\t\t<div class=\"elementor-element elementor-element-2145690a e-con-full e-flex e-con e-child\" data-id=\"2145690a\" data-element_type=\"container\">\n\t\t\t\t<div class=\"elementor-element elementor-element-7aafc3a6 elementor-widget elementor-widget-heading\" data-id=\"7aafc3a6\" data-element_type=\"widget\" data-widget_type=\"heading.default\">\n\t\t\t\t<div class=\"elementor-widget-container\">\n\t\t\t\t\t<h2 class=\"elementor-heading-title elementor-size-default\">Se rendre au cabinet de consultation<\/h2>\t\t\t\t<\/div>\n\t\t\t\t<\/div>\n\t\t\t\t<div class=\"elementor-element elementor-element-7bcf35d0 elementor-widget elementor-widget-icon-box\" data-id=\"7bcf35d0\" data-element_type=\"widget\" data-widget_type=\"icon-box.default\">\n\t\t\t\t<div class=\"elementor-widget-container\">\n\t\t\t\t\t\t\t<div class=\"elementor-icon-box-wrapper\">\n\n\t\t\t\n\t\t\t\t\t\t<div class=\"elementor-icon-box-content\">\n\n\t\t\t\t\t\t\t\t\t<h4 class=\"elementor-icon-box-title\">\n\t\t\t\t\t\t<span  >\n\t\t\t\t\t\t\tAdresse\t\t\t\t\t\t<\/span>\n\t\t\t\t\t<\/h4>\n\t\t\t\t\n\t\t\t\t\t\t\t\t\t<p class=\"elementor-icon-box-description\">\n\t\t\t\t\t\t1 rue Duquesne<br>22190 PLERIN\t\t\t\t\t<\/p>\n\t\t\t\t\n\t\t\t<\/div>\n\t\t\t\n\t\t<\/div>\n\t\t\t\t\t\t<\/div>\n\t\t\t\t<\/div>\n\t\t\t\t<\/div>\n\t\t\t\t<\/div>\n\t\t\t\t<\/div>\n\t\t","protected":false},"excerpt":{"rendered":"<p>J&rsquo;ai entam\u00e9 ma carri\u00e8re en tant qu&rsquo;historienne, immerg\u00e9e dans l&rsquo;univers des tr\u00e9sors du pass\u00e9. Par la suite, j&rsquo;ai op\u00e9r\u00e9 un changement audacieux en entrant dans le secteur m\u00e9dico-social comme cheffe de projet fonctionnelle, o\u00f9 j&rsquo;ai jou\u00e9 le r\u00f4le d&rsquo;architecte du changement pour les professionnels. La psychologie s\u2019est r\u00e9v\u00e9l\u00e9e \u00eatre un atout pr\u00e9cieux dans cette qu\u00eate [&hellip;]<\/p>\n","protected":false},"author":1,"featured_media":0,"parent":0,"menu_order":0,"comment_status":"closed","ping_status":"closed","template":"","meta":{"_monsterinsights_skip_tracking":false,"_monsterinsights_sitenote_active":false,"_monsterinsights_sitenote_note":"","_monsterinsights_sitenote_category":0,"_uf_show_specific_survey":0,"_uf_disable_surveys":false,"ocean_post_layout":"","ocean_both_sidebars_style":"","ocean_both_sidebars_content_width":0,"ocean_both_sidebars_sidebars_width":0,"ocean_sidebar":"","ocean_second_sidebar":"","ocean_disable_margins":"enable","ocean_add_body_class":"","ocean_shortcode_before_top_bar":"","ocean_shortcode_after_top_bar":"","ocean_shortcode_before_header":"","ocean_shortcode_after_header":"","ocean_has_shortcode":"","ocean_shortcode_after_title":"","ocean_shortcode_before_footer_widgets":"","ocean_shortcode_after_footer_widgets":"","ocean_shortcode_before_footer_bottom":"","ocean_shortcode_after_footer_bottom":"","ocean_display_top_bar":"default","ocean_display_header":"default","ocean_header_style":"","ocean_center_header_left_menu":"","ocean_custom_header_template":"","ocean_custom_logo":0,"ocean_custom_retina_logo":0,"ocean_custom_logo_max_width":0,"ocean_custom_logo_tablet_max_width":0,"ocean_custom_logo_mobile_max_width":0,"ocean_custom_logo_max_height":0,"ocean_custom_logo_tablet_max_height":0,"ocean_custom_logo_mobile_max_height":0,"ocean_header_custom_menu":"","ocean_menu_typo_font_family":"","ocean_menu_typo_font_subset":"","ocean_menu_typo_font_size":0,"ocean_menu_typo_font_size_tablet":0,"ocean_menu_typo_font_size_mobile":0,"ocean_menu_typo_font_size_unit":"px","ocean_menu_typo_font_weight":"","ocean_menu_typo_font_weight_tablet":"","ocean_menu_typo_font_weight_mobile":"","ocean_menu_typo_transform":"","ocean_menu_typo_transform_tablet":"","ocean_menu_typo_transform_mobile":"","ocean_menu_typo_line_height":0,"ocean_menu_typo_line_height_tablet":0,"ocean_menu_typo_line_height_mobile":0,"ocean_menu_typo_line_height_unit":"","ocean_menu_typo_spacing":0,"ocean_menu_typo_spacing_tablet":0,"ocean_menu_typo_spacing_mobile":0,"ocean_menu_typo_spacing_unit":"","ocean_menu_link_color":"","ocean_menu_link_color_hover":"","ocean_menu_link_color_active":"","ocean_menu_link_background":"","ocean_menu_link_hover_background":"","ocean_menu_link_active_background":"","ocean_menu_social_links_bg":"","ocean_menu_social_hover_links_bg":"","ocean_menu_social_links_color":"","ocean_menu_social_hover_links_color":"","ocean_disable_title":"default","ocean_disable_heading":"default","ocean_post_title":"","ocean_post_subheading":"","ocean_post_title_style":"","ocean_post_title_background_color":"","ocean_post_title_background":0,"ocean_post_title_bg_image_position":"","ocean_post_title_bg_image_attachment":"","ocean_post_title_bg_image_repeat":"","ocean_post_title_bg_image_size":"","ocean_post_title_height":0,"ocean_post_title_bg_overlay":0.5,"ocean_post_title_bg_overlay_color":"","ocean_disable_breadcrumbs":"default","ocean_breadcrumbs_color":"","ocean_breadcrumbs_separator_color":"","ocean_breadcrumbs_links_color":"","ocean_breadcrumbs_links_hover_color":"","ocean_display_footer_widgets":"default","ocean_display_footer_bottom":"default","ocean_custom_footer_template":"","footnotes":""},"class_list":["post-377","page","type-page","status-publish","hentry","entry"],"aioseo_notices":[],"yoast_head":"<!-- This site is optimized with the Yoast SEO plugin v26.8 - https:\/\/yoast.com\/product\/yoast-seo-wordpress\/ -->\n<title>Contact - Ecoute l&#039;arbre<\/title>\n<meta name=\"robots\" content=\"index, follow, max-snippet:-1, max-image-preview:large, max-video-preview:-1\" \/>\n<link rel=\"canonical\" href=\"https:\/\/ecoutelarbre.fr\/index.php\/elementor-page-377\/\" \/>\n<meta property=\"og:locale\" content=\"fr_FR\" \/>\n<meta property=\"og:type\" content=\"article\" \/>\n<meta property=\"og:title\" content=\"Contact - Ecoute l&#039;arbre\" \/>\n<meta property=\"og:description\" content=\"J&rsquo;ai entam\u00e9 ma carri\u00e8re en tant qu&rsquo;historienne, immerg\u00e9e dans l&rsquo;univers des tr\u00e9sors du pass\u00e9. Par la suite, j&rsquo;ai op\u00e9r\u00e9 un changement audacieux en entrant dans le secteur m\u00e9dico-social comme cheffe de projet fonctionnelle, o\u00f9 j&rsquo;ai jou\u00e9 le r\u00f4le d&rsquo;architecte du changement pour les professionnels. La psychologie s\u2019est r\u00e9v\u00e9l\u00e9e \u00eatre un atout pr\u00e9cieux dans cette qu\u00eate [&hellip;]\" \/>\n<meta property=\"og:url\" content=\"https:\/\/ecoutelarbre.fr\/index.php\/elementor-page-377\/\" \/>\n<meta property=\"og:site_name\" content=\"Ecoute l&#039;arbre\" \/>\n<meta property=\"article:publisher\" content=\"https:\/\/www.facebook.com\/ecoutelarbre\" \/>\n<meta property=\"article:modified_time\" content=\"2025-11-04T06:51:54+00:00\" \/>\n<meta property=\"og:image\" content=\"https:\/\/ecoutelarbre.fr\/wp-content\/uploads\/2024\/10\/visage-2.png\" \/>\n\t<meta property=\"og:image:width\" content=\"640\" \/>\n\t<meta property=\"og:image:height\" content=\"480\" \/>\n\t<meta property=\"og:image:type\" content=\"image\/png\" \/>\n<meta name=\"twitter:card\" content=\"summary_large_image\" \/>\n<meta name=\"twitter:label1\" content=\"Dur\u00e9e de lecture estim\u00e9e\" \/>\n\t<meta name=\"twitter:data1\" content=\"2 minutes\" \/>\n<script type=\"application\/ld+json\" class=\"yoast-schema-graph\">{\"@context\":\"https:\/\/schema.org\",\"@graph\":[{\"@type\":\"WebPage\",\"@id\":\"https:\/\/ecoutelarbre.fr\/index.php\/elementor-page-377\/\",\"url\":\"https:\/\/ecoutelarbre.fr\/index.php\/elementor-page-377\/\",\"name\":\"Contact - Ecoute l&#039;arbre\",\"isPartOf\":{\"@id\":\"https:\/\/ecoutelarbre.fr\/#website\"},\"primaryImageOfPage\":{\"@id\":\"https:\/\/ecoutelarbre.fr\/index.php\/elementor-page-377\/#primaryimage\"},\"image\":{\"@id\":\"https:\/\/ecoutelarbre.fr\/index.php\/elementor-page-377\/#primaryimage\"},\"thumbnailUrl\":\"https:\/\/ecoutelarbre.fr\/wp-content\/uploads\/2024\/10\/visage-2.png\",\"datePublished\":\"2024-10-10T09:55:42+00:00\",\"dateModified\":\"2025-11-04T06:51:54+00:00\",\"breadcrumb\":{\"@id\":\"https:\/\/ecoutelarbre.fr\/index.php\/elementor-page-377\/#breadcrumb\"},\"inLanguage\":\"fr-FR\",\"potentialAction\":[{\"@type\":\"ReadAction\",\"target\":[\"https:\/\/ecoutelarbre.fr\/index.php\/elementor-page-377\/\"]}]},{\"@type\":\"ImageObject\",\"inLanguage\":\"fr-FR\",\"@id\":\"https:\/\/ecoutelarbre.fr\/index.php\/elementor-page-377\/#primaryimage\",\"url\":\"https:\/\/ecoutelarbre.fr\/wp-content\/uploads\/2024\/10\/visage-2.png\",\"contentUrl\":\"https:\/\/ecoutelarbre.fr\/wp-content\/uploads\/2024\/10\/visage-2.png\",\"width\":640,\"height\":480},{\"@type\":\"BreadcrumbList\",\"@id\":\"https:\/\/ecoutelarbre.fr\/index.php\/elementor-page-377\/#breadcrumb\",\"itemListElement\":[{\"@type\":\"ListItem\",\"position\":1,\"name\":\"Accueil\",\"item\":\"https:\/\/ecoutelarbre.fr\/\"},{\"@type\":\"ListItem\",\"position\":2,\"name\":\"Contact\"}]},{\"@type\":\"WebSite\",\"@id\":\"https:\/\/ecoutelarbre.fr\/#website\",\"url\":\"https:\/\/ecoutelarbre.fr\/\",\"name\":\"Ecoute l'arbre\",\"description\":\"SOAZIC LEFRANT psychopraticienne certifi\u00e9e en psychog\u00e9n\u00e9alogie \u00e9volutive, analyse transg\u00e9n\u00e9raationnelle\",\"publisher\":{\"@id\":\"https:\/\/ecoutelarbre.fr\/#\/schema\/person\/3c85fa1b8fe8acb57060d1ed466a3f8b\"},\"alternateName\":\"Soazic Lefrant psychopraticienne en psychog\u00e9n\u00e9alogie\",\"potentialAction\":[{\"@type\":\"SearchAction\",\"target\":{\"@type\":\"EntryPoint\",\"urlTemplate\":\"https:\/\/ecoutelarbre.fr\/?s={search_term_string}\"},\"query-input\":{\"@type\":\"PropertyValueSpecification\",\"valueRequired\":true,\"valueName\":\"search_term_string\"}}],\"inLanguage\":\"fr-FR\"},{\"@type\":[\"Person\",\"Organization\"],\"@id\":\"https:\/\/ecoutelarbre.fr\/#\/schema\/person\/3c85fa1b8fe8acb57060d1ed466a3f8b\",\"name\":\"Soazic Lefrant\",\"image\":{\"@type\":\"ImageObject\",\"inLanguage\":\"fr-FR\",\"@id\":\"https:\/\/ecoutelarbre.fr\/#\/schema\/person\/image\/\",\"url\":\"https:\/\/ecoutelarbre.fr\/wp-content\/uploads\/2024\/10\/cropped-cropped-cropped-logo-1-e1728483564409-1.png\",\"contentUrl\":\"https:\/\/ecoutelarbre.fr\/wp-content\/uploads\/2024\/10\/cropped-cropped-cropped-logo-1-e1728483564409-1.png\",\"width\":268,\"height\":236,\"caption\":\"Soazic Lefrant\"},\"logo\":{\"@id\":\"https:\/\/ecoutelarbre.fr\/#\/schema\/person\/image\/\"},\"sameAs\":[\"http:\/\/ecoutelarbre.fr\",\"https:\/\/www.facebook.com\/ecoutelarbre\"]}]}<\/script>\n<!-- \/ Yoast SEO plugin. -->","yoast_head_json":{"title":"Contact - Ecoute l&#039;arbre","robots":{"index":"index","follow":"follow","max-snippet":"max-snippet:-1","max-image-preview":"max-image-preview:large","max-video-preview":"max-video-preview:-1"},"canonical":"https:\/\/ecoutelarbre.fr\/index.php\/elementor-page-377\/","og_locale":"fr_FR","og_type":"article","og_title":"Contact - Ecoute l&#039;arbre","og_description":"J&rsquo;ai entam\u00e9 ma carri\u00e8re en tant qu&rsquo;historienne, immerg\u00e9e dans l&rsquo;univers des tr\u00e9sors du pass\u00e9. Par la suite, j&rsquo;ai op\u00e9r\u00e9 un changement audacieux en entrant dans le secteur m\u00e9dico-social comme cheffe de projet fonctionnelle, o\u00f9 j&rsquo;ai jou\u00e9 le r\u00f4le d&rsquo;architecte du changement pour les professionnels. La psychologie s\u2019est r\u00e9v\u00e9l\u00e9e \u00eatre un atout pr\u00e9cieux dans cette qu\u00eate [&hellip;]","og_url":"https:\/\/ecoutelarbre.fr\/index.php\/elementor-page-377\/","og_site_name":"Ecoute l&#039;arbre","article_publisher":"https:\/\/www.facebook.com\/ecoutelarbre","article_modified_time":"2025-11-04T06:51:54+00:00","og_image":[{"width":640,"height":480,"url":"https:\/\/ecoutelarbre.fr\/wp-content\/uploads\/2024\/10\/visage-2.png","type":"image\/png"}],"twitter_card":"summary_large_image","twitter_misc":{"Dur\u00e9e de lecture estim\u00e9e":"2 minutes"},"schema":{"@context":"https:\/\/schema.org","@graph":[{"@type":"WebPage","@id":"https:\/\/ecoutelarbre.fr\/index.php\/elementor-page-377\/","url":"https:\/\/ecoutelarbre.fr\/index.php\/elementor-page-377\/","name":"Contact - Ecoute l&#039;arbre","isPartOf":{"@id":"https:\/\/ecoutelarbre.fr\/#website"},"primaryImageOfPage":{"@id":"https:\/\/ecoutelarbre.fr\/index.php\/elementor-page-377\/#primaryimage"},"image":{"@id":"https:\/\/ecoutelarbre.fr\/index.php\/elementor-page-377\/#primaryimage"},"thumbnailUrl":"https:\/\/ecoutelarbre.fr\/wp-content\/uploads\/2024\/10\/visage-2.png","datePublished":"2024-10-10T09:55:42+00:00","dateModified":"2025-11-04T06:51:54+00:00","breadcrumb":{"@id":"https:\/\/ecoutelarbre.fr\/index.php\/elementor-page-377\/#breadcrumb"},"inLanguage":"fr-FR","potentialAction":[{"@type":"ReadAction","target":["https:\/\/ecoutelarbre.fr\/index.php\/elementor-page-377\/"]}]},{"@type":"ImageObject","inLanguage":"fr-FR","@id":"https:\/\/ecoutelarbre.fr\/index.php\/elementor-page-377\/#primaryimage","url":"https:\/\/ecoutelarbre.fr\/wp-content\/uploads\/2024\/10\/visage-2.png","contentUrl":"https:\/\/ecoutelarbre.fr\/wp-content\/uploads\/2024\/10\/visage-2.png","width":640,"height":480},{"@type":"BreadcrumbList","@id":"https:\/\/ecoutelarbre.fr\/index.php\/elementor-page-377\/#breadcrumb","itemListElement":[{"@type":"ListItem","position":1,"name":"Accueil","item":"https:\/\/ecoutelarbre.fr\/"},{"@type":"ListItem","position":2,"name":"Contact"}]},{"@type":"WebSite","@id":"https:\/\/ecoutelarbre.fr\/#website","url":"https:\/\/ecoutelarbre.fr\/","name":"Ecoute l'arbre","description":"SOAZIC LEFRANT psychopraticienne certifi\u00e9e en psychog\u00e9n\u00e9alogie \u00e9volutive, analyse transg\u00e9n\u00e9raationnelle","publisher":{"@id":"https:\/\/ecoutelarbre.fr\/#\/schema\/person\/3c85fa1b8fe8acb57060d1ed466a3f8b"},"alternateName":"Soazic Lefrant psychopraticienne en psychog\u00e9n\u00e9alogie","potentialAction":[{"@type":"SearchAction","target":{"@type":"EntryPoint","urlTemplate":"https:\/\/ecoutelarbre.fr\/?s={search_term_string}"},"query-input":{"@type":"PropertyValueSpecification","valueRequired":true,"valueName":"search_term_string"}}],"inLanguage":"fr-FR"},{"@type":["Person","Organization"],"@id":"https:\/\/ecoutelarbre.fr\/#\/schema\/person\/3c85fa1b8fe8acb57060d1ed466a3f8b","name":"Soazic Lefrant","image":{"@type":"ImageObject","inLanguage":"fr-FR","@id":"https:\/\/ecoutelarbre.fr\/#\/schema\/person\/image\/","url":"https:\/\/ecoutelarbre.fr\/wp-content\/uploads\/2024\/10\/cropped-cropped-cropped-logo-1-e1728483564409-1.png","contentUrl":"https:\/\/ecoutelarbre.fr\/wp-content\/uploads\/2024\/10\/cropped-cropped-cropped-logo-1-e1728483564409-1.png","width":268,"height":236,"caption":"Soazic Lefrant"},"logo":{"@id":"https:\/\/ecoutelarbre.fr\/#\/schema\/person\/image\/"},"sameAs":["http:\/\/ecoutelarbre.fr","https:\/\/www.facebook.com\/ecoutelarbre"]}]}},"_links":{"self":[{"href":"https:\/\/ecoutelarbre.fr\/index.php\/wp-json\/wp\/v2\/pages\/377","targetHints":{"allow":["GET"]}}],"collection":[{"href":"https:\/\/ecoutelarbre.fr\/index.php\/wp-json\/wp\/v2\/pages"}],"about":[{"href":"https:\/\/ecoutelarbre.fr\/index.php\/wp-json\/wp\/v2\/types\/page"}],"author":[{"embeddable":true,"href":"https:\/\/ecoutelarbre.fr\/index.php\/wp-json\/wp\/v2\/users\/1"}],"replies":[{"embeddable":true,"href":"https:\/\/ecoutelarbre.fr\/index.php\/wp-json\/wp\/v2\/comments?post=377"}],"version-history":[{"count":4,"href":"https:\/\/ecoutelarbre.fr\/index.php\/wp-json\/wp\/v2\/pages\/377\/revisions"}],"predecessor-version":[{"id":886,"href":"https:\/\/ecoutelarbre.fr\/index.php\/wp-json\/wp\/v2\/pages\/377\/revisions\/886"}],"wp:attachment":[{"href":"https:\/\/ecoutelarbre.fr\/index.php\/wp-json\/wp\/v2\/media?parent=377"}],"curies":[{"name":"wp","href":"https:\/\/api.w.org\/{rel}","templated":true}]}}